{"id":2785,"date":"2020-09-09T12:01:23","date_gmt":"2020-09-09T10:01:23","guid":{"rendered":"https:\/\/singletrackglacensis.eu\/?page_id=2785"},"modified":"2020-10-07T11:18:39","modified_gmt":"2020-10-07T09:18:39","slug":"privacy-policy","status":"publish","type":"page","link":"https:\/\/singletrackglacensis.eu\/en\/privacy-policy\/","title":{"rendered":"Privacy policy www.singletrackglacensis.eu"},"content":{"rendered":"<p style=\"text-align: center;\"><strong>\u00a7 1<\/strong><\/p>\n<p style=\"text-align: center;\"><strong>GENERAL PROVISIONS<\/strong><\/p>\n<p>The administrator of data collected via the Website www.singletrackglacensis.eu is the <strong>Bystrzyca K\u0142odzka Commune<\/strong> with its registered office at street Plac Wolno\u015bci 1, 57-500 Bystrzyca K\u0142odzka, NIP: 881-10-06-578, e-mail: <strong><b>turystyka@bystrzycaklodzka.pl<\/b><\/strong> or <strong><b>it-bystrzycaklodzka@wp.pl<\/b><\/strong>, hereinafter referred to as the &#8220;Administrator&#8221; and is also the Service Provider.<\/p>\n<p style=\"text-align: center;\"><strong>\u00a7 2<\/strong><\/p>\n<p style=\"text-align: center;\"><strong>PURPOSE AND SCOPE OF DATA COLLECTION<\/strong><\/p>\n<p style=\"text-align: center;\">The website does not collect and store Personal Data.<\/p>\n<p style=\"text-align: center;\"><strong>\u00a7 3<\/strong><\/p>\n<p style=\"text-align: center;\"><strong>&#8220;COOKIES&#8221;<\/strong><\/p>\n<ol>\n<li>The Service Provider&#8217;s website uses &#8220;cookies&#8221;. No change in the browser settings on the part of the Customer is tantamount to consenting to their use.<\/li>\n<li>The installation of &#8220;cookies&#8221; is necessary for the proper provision of services on the Website. The &#8220;cookies&#8221; files contain information necessary for the proper functioning of the Website, in particular those requiring authorization.<\/li>\n<li>The Website uses three types of &#8220;cookies&#8221;: &#8220;session&#8221;, &#8220;permanent&#8221; and &#8220;analytical&#8221;.<\/li>\n<li>&#8220;Session&#8221; cookies are temporary files that are stored on the User&#8217;s end device until logging out (leaving the Website).<\/li>\n<li>&#8220;Persistent&#8221; cookies are stored in the Customer&#8217;s end device for the time specified in the parameters of &#8220;cookies&#8221; or until they are deleted by the Customer.<\/li>\n<li>&#8220;Analytical&#8221; cookies enable better understanding of the Customer&#8217;s interaction with the content of the Website and better organize its layout. &#8220;Analytical&#8221; &#8220;cookies&#8221; collect information about the way the Service is used by the Service Recipient, the type of page from which the Service Recipient has been redirected, and the number of visits and the time of the Service Recipient&#8217;s visit to the Site. This information does not record specific personal data of the Service Recipient, but is used to compile statistics on the use of the Website.<\/li>\n<li style=\"text-align: center;\">The Service Recipient has the right to decide on the access of &#8220;cookies&#8221; to his computer by selecting them in the window of his browser. Detailed information on the possibilities and methods of handling &#8220;cookies&#8221; is available in the software (web browser) settings.<\/li>\n<\/ol>\n<p style=\"text-align: center;\"><strong>\u00a7 4<\/strong><\/p>\n<p style=\"text-align: center;\"><strong>FINAL PROVISIONS<\/strong><\/p>\n<ol>\n<li>\u00a0The website does not collect and store personal data.<\/li>\n<li>\u00a0The website uses cookies that are described in \u00a7 3.<\/li>\n<\/ol>\n","protected":false},"excerpt":{"rendered":"<p>\u00a7 1 GENERAL PROVISIONS The administrator of data collected via the Website www.singletrackglacensis.eu is the Bystrzyca K\u0142odzka Commune with its registered office at street Plac Wolno\u015bci 1, 57-500 Bystrzyca K\u0142odzka, NIP: 881-10-06-578, e-mail: turystyka@bystrzycaklodzka.pl or it-bystrzycaklodzka@wp.pl, hereinafter referred to as the &#8220;Administrator&#8221; and is also the Service Provider. \u00a7 2 PURPOSE AND SCOPE OF DATA<\/p>\n","protected":false},"author":1,"featured_media":0,"parent":0,"menu_order":0,"comment_status":"closed","ping_status":"open","template":"","meta":{"footnotes":""},"class_list":["post-2785","page","type-page","status-publish","hentry"],"yoast_head":"<!-- This site is optimized with the Yoast SEO plugin v26.8 - https:\/\/yoast.com\/product\/yoast-seo-wordpress\/ -->\n<title>Privacy policy www.singletrackglacensis.eu | Singletrack Glacensis<\/title>\n<meta name=\"robots\" content=\"index, follow, max-snippet:-1, max-image-preview:large, max-video-preview:-1\" \/>\n<link rel=\"canonical\" href=\"https:\/\/wcag.singletrackglacensis.eu\/en\/privacy-policy\/\" \/>\n<meta property=\"og:locale\" content=\"en_US\" \/>\n<meta property=\"og:type\" content=\"article\" \/>\n<meta property=\"og:title\" content=\"Privacy policy www.singletrackglacensis.eu | Singletrack Glacensis\" \/>\n<meta property=\"og:description\" content=\"\u00a7 1 GENERAL PROVISIONS The administrator of data collected via the Website www.singletrackglacensis.eu is the Bystrzyca K\u0142odzka Commune with its registered office at street Plac Wolno\u015bci 1, 57-500 Bystrzyca K\u0142odzka, NIP: 881-10-06-578, e-mail: turystyka@bystrzycaklodzka.pl or it-bystrzycaklodzka@wp.pl, hereinafter referred to as the &#8220;Administrator&#8221; and is also the Service Provider. \u00a7 2 PURPOSE AND SCOPE OF DATA\" \/>\n<meta property=\"og:url\" content=\"https:\/\/wcag.singletrackglacensis.eu\/en\/privacy-policy\/\" \/>\n<meta property=\"og:site_name\" content=\"Singletrack Glacensis\" \/>\n<meta property=\"article:modified_time\" content=\"2020-10-07T09:18:39+00:00\" \/>\n<meta name=\"twitter:card\" content=\"summary_large_image\" \/>\n<meta name=\"twitter:label1\" content=\"Est. reading time\" \/>\n\t<meta name=\"twitter:data1\" content=\"2 minutes\" \/>\n<script type=\"application\/ld+json\" class=\"yoast-schema-graph\">{\"@context\":\"https:\/\/schema.org\",\"@graph\":[{\"@type\":\"WebPage\",\"@id\":\"https:\/\/wcag.singletrackglacensis.eu\/en\/privacy-policy\/\",\"url\":\"https:\/\/wcag.singletrackglacensis.eu\/en\/privacy-policy\/\",\"name\":\"Privacy policy www.singletrackglacensis.eu | Singletrack Glacensis\",\"isPartOf\":{\"@id\":\"https:\/\/wcag.singletrackglacensis.eu\/en\/#website\"},\"datePublished\":\"2020-09-09T10:01:23+00:00\",\"dateModified\":\"2020-10-07T09:18:39+00:00\",\"breadcrumb\":{\"@id\":\"https:\/\/wcag.singletrackglacensis.eu\/en\/privacy-policy\/#breadcrumb\"},\"inLanguage\":\"en-US\",\"potentialAction\":[{\"@type\":\"ReadAction\",\"target\":[\"https:\/\/wcag.singletrackglacensis.eu\/en\/privacy-policy\/\"]}]},{\"@type\":\"BreadcrumbList\",\"@id\":\"https:\/\/wcag.singletrackglacensis.eu\/en\/privacy-policy\/#breadcrumb\",\"itemListElement\":[{\"@type\":\"ListItem\",\"position\":1,\"name\":\"Home\",\"item\":\"https:\/\/wcag.singletrackglacensis.eu\/en\/\"},{\"@type\":\"ListItem\",\"position\":2,\"name\":\"Privacy policy www.singletrackglacensis.eu\"}]},{\"@type\":\"WebSite\",\"@id\":\"https:\/\/wcag.singletrackglacensis.eu\/en\/#website\",\"url\":\"https:\/\/wcag.singletrackglacensis.eu\/en\/\",\"name\":\"Singletrack Glacensis\",\"description\":\"\",\"publisher\":{\"@id\":\"https:\/\/wcag.singletrackglacensis.eu\/en\/#organization\"},\"potentialAction\":[{\"@type\":\"SearchAction\",\"target\":{\"@type\":\"EntryPoint\",\"urlTemplate\":\"https:\/\/wcag.singletrackglacensis.eu\/en\/?s={search_term_string}\"},\"query-input\":{\"@type\":\"PropertyValueSpecification\",\"valueRequired\":true,\"valueName\":\"search_term_string\"}}],\"inLanguage\":\"en-US\"},{\"@type\":\"Organization\",\"@id\":\"https:\/\/wcag.singletrackglacensis.eu\/en\/#organization\",\"name\":\"Singletrack Glacensis\",\"url\":\"https:\/\/wcag.singletrackglacensis.eu\/en\/\",\"logo\":{\"@type\":\"ImageObject\",\"inLanguage\":\"en-US\",\"@id\":\"https:\/\/wcag.singletrackglacensis.eu\/en\/#\/schema\/logo\/image\/\",\"url\":\"https:\/\/singletrackglacensis.eu\/wp-content\/uploads\/2020\/06\/st-logo.jpg\",\"contentUrl\":\"https:\/\/singletrackglacensis.eu\/wp-content\/uploads\/2020\/06\/st-logo.jpg\",\"width\":170,\"height\":70,\"caption\":\"Singletrack Glacensis\"},\"image\":{\"@id\":\"https:\/\/wcag.singletrackglacensis.eu\/en\/#\/schema\/logo\/image\/\"}}]}<\/script>\n<!-- \/ Yoast SEO plugin. -->","yoast_head_json":{"title":"Privacy policy www.singletrackglacensis.eu | Singletrack Glacensis","robots":{"index":"index","follow":"follow","max-snippet":"max-snippet:-1","max-image-preview":"max-image-preview:large","max-video-preview":"max-video-preview:-1"},"canonical":"https:\/\/wcag.singletrackglacensis.eu\/en\/privacy-policy\/","og_locale":"en_US","og_type":"article","og_title":"Privacy policy www.singletrackglacensis.eu | Singletrack Glacensis","og_description":"\u00a7 1 GENERAL PROVISIONS The administrator of data collected via the Website www.singletrackglacensis.eu is the Bystrzyca K\u0142odzka Commune with its registered office at street Plac Wolno\u015bci 1, 57-500 Bystrzyca K\u0142odzka, NIP: 881-10-06-578, e-mail: turystyka@bystrzycaklodzka.pl or it-bystrzycaklodzka@wp.pl, hereinafter referred to as the &#8220;Administrator&#8221; and is also the Service Provider. \u00a7 2 PURPOSE AND SCOPE OF DATA","og_url":"https:\/\/wcag.singletrackglacensis.eu\/en\/privacy-policy\/","og_site_name":"Singletrack Glacensis","article_modified_time":"2020-10-07T09:18:39+00:00","twitter_card":"summary_large_image","twitter_misc":{"Est. reading time":"2 minutes"},"schema":{"@context":"https:\/\/schema.org","@graph":[{"@type":"WebPage","@id":"https:\/\/wcag.singletrackglacensis.eu\/en\/privacy-policy\/","url":"https:\/\/wcag.singletrackglacensis.eu\/en\/privacy-policy\/","name":"Privacy policy www.singletrackglacensis.eu | Singletrack Glacensis","isPartOf":{"@id":"https:\/\/wcag.singletrackglacensis.eu\/en\/#website"},"datePublished":"2020-09-09T10:01:23+00:00","dateModified":"2020-10-07T09:18:39+00:00","breadcrumb":{"@id":"https:\/\/wcag.singletrackglacensis.eu\/en\/privacy-policy\/#breadcrumb"},"inLanguage":"en-US","potentialAction":[{"@type":"ReadAction","target":["https:\/\/wcag.singletrackglacensis.eu\/en\/privacy-policy\/"]}]},{"@type":"BreadcrumbList","@id":"https:\/\/wcag.singletrackglacensis.eu\/en\/privacy-policy\/#breadcrumb","itemListElement":[{"@type":"ListItem","position":1,"name":"Home","item":"https:\/\/wcag.singletrackglacensis.eu\/en\/"},{"@type":"ListItem","position":2,"name":"Privacy policy www.singletrackglacensis.eu"}]},{"@type":"WebSite","@id":"https:\/\/wcag.singletrackglacensis.eu\/en\/#website","url":"https:\/\/wcag.singletrackglacensis.eu\/en\/","name":"Singletrack Glacensis","description":"","publisher":{"@id":"https:\/\/wcag.singletrackglacensis.eu\/en\/#organization"},"potentialAction":[{"@type":"SearchAction","target":{"@type":"EntryPoint","urlTemplate":"https:\/\/wcag.singletrackglacensis.eu\/en\/?s={search_term_string}"},"query-input":{"@type":"PropertyValueSpecification","valueRequired":true,"valueName":"search_term_string"}}],"inLanguage":"en-US"},{"@type":"Organization","@id":"https:\/\/wcag.singletrackglacensis.eu\/en\/#organization","name":"Singletrack Glacensis","url":"https:\/\/wcag.singletrackglacensis.eu\/en\/","logo":{"@type":"ImageObject","inLanguage":"en-US","@id":"https:\/\/wcag.singletrackglacensis.eu\/en\/#\/schema\/logo\/image\/","url":"https:\/\/singletrackglacensis.eu\/wp-content\/uploads\/2020\/06\/st-logo.jpg","contentUrl":"https:\/\/singletrackglacensis.eu\/wp-content\/uploads\/2020\/06\/st-logo.jpg","width":170,"height":70,"caption":"Singletrack Glacensis"},"image":{"@id":"https:\/\/wcag.singletrackglacensis.eu\/en\/#\/schema\/logo\/image\/"}}]}},"_links":{"self":[{"href":"https:\/\/singletrackglacensis.eu\/en\/wp-json\/wp\/v2\/pages\/2785","targetHints":{"allow":["GET"]}}],"collection":[{"href":"https:\/\/singletrackglacensis.eu\/en\/wp-json\/wp\/v2\/pages"}],"about":[{"href":"https:\/\/singletrackglacensis.eu\/en\/wp-json\/wp\/v2\/types\/page"}],"author":[{"embeddable":true,"href":"https:\/\/singletrackglacensis.eu\/en\/wp-json\/wp\/v2\/users\/1"}],"replies":[{"embeddable":true,"href":"https:\/\/singletrackglacensis.eu\/en\/wp-json\/wp\/v2\/comments?post=2785"}],"version-history":[{"count":5,"href":"https:\/\/singletrackglacensis.eu\/en\/wp-json\/wp\/v2\/pages\/2785\/revisions"}],"predecessor-version":[{"id":2850,"href":"https:\/\/singletrackglacensis.eu\/en\/wp-json\/wp\/v2\/pages\/2785\/revisions\/2850"}],"wp:attachment":[{"href":"https:\/\/singletrackglacensis.eu\/en\/wp-json\/wp\/v2\/media?parent=2785"}],"curies":[{"name":"wp","href":"https:\/\/api.w.org\/{rel}","templated":true}]}}