{"id":2348,"date":"2020-08-27T08:58:28","date_gmt":"2020-08-27T06:58:28","guid":{"rendered":"https:\/\/singletrackglacensis.eu\/?page_id=2348"},"modified":"2020-09-05T14:59:37","modified_gmt":"2020-09-05T12:59:37","slug":"about-project","status":"publish","type":"page","link":"https:\/\/singletrackglacensis.eu\/en\/about-project\/","title":{"rendered":"About project"},"content":{"rendered":"<p>The Singletrack Glacensis is the largest network of bicycle routes leading on narrow forest roads, in mountainous terrain. All routes are unidirectional and have different levels of difficulty. A total of 220 km long network of functionally connected loops has been created for tourists, and thanks to these loops we can also visit our Czech neighbours.<\/p>\n<p>The routes are located in the following areas:<br \/>\n1. on the Polish side in communes: Bardo, K\u0142odzko Rural Commune, Z\u0142oty Stok, L\u0105dek-Zdr\u00f3j, Stronie \u015al\u0105skie, Bystrzyca K\u0142odzka, Mi\u0119dzylesie and Kudowa-Zdr\u00f3j, Dusznik-Zdr\u00f3j.<br \/>\n2. on the Czech side in communes: Cervena Voda &#8211; Union of Orlickie Municipalities, Zdobnice, Orlicko-Trebovsko region, Dolni Morava.<\/p>\n<p>Within the framework of the &#8220;Singletrack Glacensis&#8221; project, a Czech-Polish route network was built:<br \/>\n1. on Pekl\u00e1k in \u010cesk\u00e1 T\u0159ebova: 15 km of singletrack routes of medium and high difficulty, 4 km of ski hills, 25 km of MTB routes with facilities and car parks,<br \/>\n2. in Zdobnice- 10 km of low and medium difficulty recreation routes with a route suitable for children,<br \/>\n3. in the Bystrzyca K\u0142odzka Municipality:<br \/>\nSpalona (the Bystrzyca Mountains) 14.1 km long recreation loop of low and medium difficulty leading to the Jagodna peak<\/p>\n<p>connection of routes in the \u015anie\u017cnik Massif: The Loop under \u015anie\u017cnik, the Mi\u0119dzyg\u00f3rze Loop and the Stronie Loop, which start in Mi\u0119dzyg\u00f3rze. The route created under the project is 28.7 km long, of which 20.1 km is the Mi\u0119dzyg\u00f3rze loop itself which is characterized by medium difficulty.<\/p>\n<p>Each loop has an entrance gate, the facilities have been equipped with stations for quick bike repair, stations for charging electric bikes, information boards with route maps, rest shelters. The routes are marked in a recognizable way with a characteristic Singletrack Glacensis logo. More information can be found at:\u00a0<a href=\"http:\/\/www.singletrackglacensis.eu\">\u00a0www.singletrackglacensis.eu<\/a>, where the routes have been linked to tourist attractions and information about bicycle rentals and services. The mobile map can be found on the following website: <a href=\"http:\/\/www.eziemiaklodzka.pl\">www.eziemiaklodzka.pl<\/a>.<\/p>\n<p>The Singletrack Glacensis application for Traseo, TrialForks for Android, IOS in Polish and English version is available.<\/p>\n<p><img loading=\"lazy\" decoding=\"async\" class=\"alignnone wp-image-809 \" src=\"https:\/\/singletrackglacensis.eu\/wp-content\/uploads\/2020\/06\/peklak-cz2-1024x576.jpeg\" alt=\"\" width=\"1086\" height=\"611\" srcset=\"https:\/\/singletrackglacensis.eu\/wp-content\/uploads\/2020\/06\/peklak-cz2-1024x576.jpeg 1024w, https:\/\/singletrackglacensis.eu\/wp-content\/uploads\/2020\/06\/peklak-cz2-450x253.jpeg 450w, https:\/\/singletrackglacensis.eu\/wp-content\/uploads\/2020\/06\/peklak-cz2-150x84.jpeg 150w, https:\/\/singletrackglacensis.eu\/wp-content\/uploads\/2020\/06\/peklak-cz2-768x432.jpeg 768w, https:\/\/singletrackglacensis.eu\/wp-content\/uploads\/2020\/06\/peklak-cz2-1536x864.jpeg 1536w, https:\/\/singletrackglacensis.eu\/wp-content\/uploads\/2020\/06\/peklak-cz2-1320x743.jpeg 1320w, https:\/\/singletrackglacensis.eu\/wp-content\/uploads\/2020\/06\/peklak-cz2.jpeg 1600w\" sizes=\"auto, (max-width: 1086px) 100vw, 1086px\" \/><\/p>\n","protected":false},"excerpt":{"rendered":"<p>The Singletrack Glacensis is the largest network of bicycle routes leading on narrow forest roads, in mountainous terrain. All routes are unidirectional and have different levels of difficulty. A total of 220 km long network of functionally connected loops has been created for tourists, and thanks to these loops we can also visit our Czech<\/p>\n","protected":false},"author":1,"featured_media":808,"parent":0,"menu_order":0,"comment_status":"closed","ping_status":"closed","template":"","meta":{"footnotes":""},"class_list":["post-2348","page","type-page","status-publish","has-post-thumbnail","hentry"],"yoast_head":"<!-- This site is optimized with the Yoast SEO plugin v26.8 - https:\/\/yoast.com\/product\/yoast-seo-wordpress\/ -->\n<title>About project | Singletrack Glacensis<\/title>\n<meta name=\"robots\" content=\"index, follow, max-snippet:-1, max-image-preview:large, max-video-preview:-1\" \/>\n<link rel=\"canonical\" href=\"https:\/\/singletrackglacensis.eu\/en\/about-project\/\" \/>\n<meta property=\"og:locale\" content=\"en_US\" \/>\n<meta property=\"og:type\" content=\"article\" \/>\n<meta property=\"og:title\" content=\"About project | Singletrack Glacensis\" \/>\n<meta property=\"og:description\" content=\"The Singletrack Glacensis is the largest network of bicycle routes leading on narrow forest roads, in mountainous terrain. All routes are unidirectional and have different levels of difficulty. A total of 220 km long network of functionally connected loops has been created for tourists, and thanks to these loops we can also visit our Czech\" \/>\n<meta property=\"og:url\" content=\"https:\/\/singletrackglacensis.eu\/en\/about-project\/\" \/>\n<meta property=\"og:site_name\" content=\"Singletrack Glacensis\" \/>\n<meta property=\"article:modified_time\" content=\"2020-09-05T12:59:37+00:00\" \/>\n<meta property=\"og:image\" content=\"https:\/\/singletrackglacensis.eu\/wp-content\/uploads\/2020\/06\/peklak-cz.jpeg\" \/>\n\t<meta property=\"og:image:width\" content=\"1600\" \/>\n\t<meta property=\"og:image:height\" content=\"900\" \/>\n\t<meta property=\"og:image:type\" content=\"image\/jpeg\" \/>\n<meta name=\"twitter:card\" content=\"summary_large_image\" \/>\n<meta name=\"twitter:label1\" content=\"Est. reading time\" \/>\n\t<meta name=\"twitter:data1\" content=\"2 minutes\" \/>\n<script type=\"application\/ld+json\" class=\"yoast-schema-graph\">{\"@context\":\"https:\/\/schema.org\",\"@graph\":[{\"@type\":\"WebPage\",\"@id\":\"https:\/\/singletrackglacensis.eu\/en\/about-project\/\",\"url\":\"https:\/\/singletrackglacensis.eu\/en\/about-project\/\",\"name\":\"About project | Singletrack Glacensis\",\"isPartOf\":{\"@id\":\"https:\/\/wcag.singletrackglacensis.eu\/en\/#website\"},\"primaryImageOfPage\":{\"@id\":\"https:\/\/singletrackglacensis.eu\/en\/about-project\/#primaryimage\"},\"image\":{\"@id\":\"https:\/\/singletrackglacensis.eu\/en\/about-project\/#primaryimage\"},\"thumbnailUrl\":\"https:\/\/singletrackglacensis.eu\/wp-content\/uploads\/2020\/06\/peklak-cz.jpeg\",\"datePublished\":\"2020-08-27T06:58:28+00:00\",\"dateModified\":\"2020-09-05T12:59:37+00:00\",\"breadcrumb\":{\"@id\":\"https:\/\/singletrackglacensis.eu\/en\/about-project\/#breadcrumb\"},\"inLanguage\":\"en-US\",\"potentialAction\":[{\"@type\":\"ReadAction\",\"target\":[\"https:\/\/singletrackglacensis.eu\/en\/about-project\/\"]}]},{\"@type\":\"ImageObject\",\"inLanguage\":\"en-US\",\"@id\":\"https:\/\/singletrackglacensis.eu\/en\/about-project\/#primaryimage\",\"url\":\"https:\/\/singletrackglacensis.eu\/wp-content\/uploads\/2020\/06\/peklak-cz.jpeg\",\"contentUrl\":\"https:\/\/singletrackglacensis.eu\/wp-content\/uploads\/2020\/06\/peklak-cz.jpeg\",\"width\":1600,\"height\":900},{\"@type\":\"BreadcrumbList\",\"@id\":\"https:\/\/singletrackglacensis.eu\/en\/about-project\/#breadcrumb\",\"itemListElement\":[{\"@type\":\"ListItem\",\"position\":1,\"name\":\"Home\",\"item\":\"https:\/\/wcag.singletrackglacensis.eu\/en\/\"},{\"@type\":\"ListItem\",\"position\":2,\"name\":\"About project\"}]},{\"@type\":\"WebSite\",\"@id\":\"https:\/\/wcag.singletrackglacensis.eu\/en\/#website\",\"url\":\"https:\/\/wcag.singletrackglacensis.eu\/en\/\",\"name\":\"Singletrack Glacensis\",\"description\":\"\",\"publisher\":{\"@id\":\"https:\/\/wcag.singletrackglacensis.eu\/en\/#organization\"},\"potentialAction\":[{\"@type\":\"SearchAction\",\"target\":{\"@type\":\"EntryPoint\",\"urlTemplate\":\"https:\/\/wcag.singletrackglacensis.eu\/en\/?s={search_term_string}\"},\"query-input\":{\"@type\":\"PropertyValueSpecification\",\"valueRequired\":true,\"valueName\":\"search_term_string\"}}],\"inLanguage\":\"en-US\"},{\"@type\":\"Organization\",\"@id\":\"https:\/\/wcag.singletrackglacensis.eu\/en\/#organization\",\"name\":\"Singletrack Glacensis\",\"url\":\"https:\/\/wcag.singletrackglacensis.eu\/en\/\",\"logo\":{\"@type\":\"ImageObject\",\"inLanguage\":\"en-US\",\"@id\":\"https:\/\/wcag.singletrackglacensis.eu\/en\/#\/schema\/logo\/image\/\",\"url\":\"https:\/\/singletrackglacensis.eu\/wp-content\/uploads\/2020\/06\/st-logo.jpg\",\"contentUrl\":\"https:\/\/singletrackglacensis.eu\/wp-content\/uploads\/2020\/06\/st-logo.jpg\",\"width\":170,\"height\":70,\"caption\":\"Singletrack Glacensis\"},\"image\":{\"@id\":\"https:\/\/wcag.singletrackglacensis.eu\/en\/#\/schema\/logo\/image\/\"}}]}<\/script>\n<!-- \/ Yoast SEO plugin. -->","yoast_head_json":{"title":"About project | Singletrack Glacensis","robots":{"index":"index","follow":"follow","max-snippet":"max-snippet:-1","max-image-preview":"max-image-preview:large","max-video-preview":"max-video-preview:-1"},"canonical":"https:\/\/singletrackglacensis.eu\/en\/about-project\/","og_locale":"en_US","og_type":"article","og_title":"About project | Singletrack Glacensis","og_description":"The Singletrack Glacensis is the largest network of bicycle routes leading on narrow forest roads, in mountainous terrain. All routes are unidirectional and have different levels of difficulty. A total of 220 km long network of functionally connected loops has been created for tourists, and thanks to these loops we can also visit our Czech","og_url":"https:\/\/singletrackglacensis.eu\/en\/about-project\/","og_site_name":"Singletrack Glacensis","article_modified_time":"2020-09-05T12:59:37+00:00","og_image":[{"width":1600,"height":900,"url":"https:\/\/singletrackglacensis.eu\/wp-content\/uploads\/2020\/06\/peklak-cz.jpeg","type":"image\/jpeg"}],"twitter_card":"summary_large_image","twitter_misc":{"Est. reading time":"2 minutes"},"schema":{"@context":"https:\/\/schema.org","@graph":[{"@type":"WebPage","@id":"https:\/\/singletrackglacensis.eu\/en\/about-project\/","url":"https:\/\/singletrackglacensis.eu\/en\/about-project\/","name":"About project | Singletrack Glacensis","isPartOf":{"@id":"https:\/\/wcag.singletrackglacensis.eu\/en\/#website"},"primaryImageOfPage":{"@id":"https:\/\/singletrackglacensis.eu\/en\/about-project\/#primaryimage"},"image":{"@id":"https:\/\/singletrackglacensis.eu\/en\/about-project\/#primaryimage"},"thumbnailUrl":"https:\/\/singletrackglacensis.eu\/wp-content\/uploads\/2020\/06\/peklak-cz.jpeg","datePublished":"2020-08-27T06:58:28+00:00","dateModified":"2020-09-05T12:59:37+00:00","breadcrumb":{"@id":"https:\/\/singletrackglacensis.eu\/en\/about-project\/#breadcrumb"},"inLanguage":"en-US","potentialAction":[{"@type":"ReadAction","target":["https:\/\/singletrackglacensis.eu\/en\/about-project\/"]}]},{"@type":"ImageObject","inLanguage":"en-US","@id":"https:\/\/singletrackglacensis.eu\/en\/about-project\/#primaryimage","url":"https:\/\/singletrackglacensis.eu\/wp-content\/uploads\/2020\/06\/peklak-cz.jpeg","contentUrl":"https:\/\/singletrackglacensis.eu\/wp-content\/uploads\/2020\/06\/peklak-cz.jpeg","width":1600,"height":900},{"@type":"BreadcrumbList","@id":"https:\/\/singletrackglacensis.eu\/en\/about-project\/#breadcrumb","itemListElement":[{"@type":"ListItem","position":1,"name":"Home","item":"https:\/\/wcag.singletrackglacensis.eu\/en\/"},{"@type":"ListItem","position":2,"name":"About project"}]},{"@type":"WebSite","@id":"https:\/\/wcag.singletrackglacensis.eu\/en\/#website","url":"https:\/\/wcag.singletrackglacensis.eu\/en\/","name":"Singletrack Glacensis","description":"","publisher":{"@id":"https:\/\/wcag.singletrackglacensis.eu\/en\/#organization"},"potentialAction":[{"@type":"SearchAction","target":{"@type":"EntryPoint","urlTemplate":"https:\/\/wcag.singletrackglacensis.eu\/en\/?s={search_term_string}"},"query-input":{"@type":"PropertyValueSpecification","valueRequired":true,"valueName":"search_term_string"}}],"inLanguage":"en-US"},{"@type":"Organization","@id":"https:\/\/wcag.singletrackglacensis.eu\/en\/#organization","name":"Singletrack Glacensis","url":"https:\/\/wcag.singletrackglacensis.eu\/en\/","logo":{"@type":"ImageObject","inLanguage":"en-US","@id":"https:\/\/wcag.singletrackglacensis.eu\/en\/#\/schema\/logo\/image\/","url":"https:\/\/singletrackglacensis.eu\/wp-content\/uploads\/2020\/06\/st-logo.jpg","contentUrl":"https:\/\/singletrackglacensis.eu\/wp-content\/uploads\/2020\/06\/st-logo.jpg","width":170,"height":70,"caption":"Singletrack Glacensis"},"image":{"@id":"https:\/\/wcag.singletrackglacensis.eu\/en\/#\/schema\/logo\/image\/"}}]}},"_links":{"self":[{"href":"https:\/\/singletrackglacensis.eu\/en\/wp-json\/wp\/v2\/pages\/2348","targetHints":{"allow":["GET"]}}],"collection":[{"href":"https:\/\/singletrackglacensis.eu\/en\/wp-json\/wp\/v2\/pages"}],"about":[{"href":"https:\/\/singletrackglacensis.eu\/en\/wp-json\/wp\/v2\/types\/page"}],"author":[{"embeddable":true,"href":"https:\/\/singletrackglacensis.eu\/en\/wp-json\/wp\/v2\/users\/1"}],"replies":[{"embeddable":true,"href":"https:\/\/singletrackglacensis.eu\/en\/wp-json\/wp\/v2\/comments?post=2348"}],"version-history":[{"count":3,"href":"https:\/\/singletrackglacensis.eu\/en\/wp-json\/wp\/v2\/pages\/2348\/revisions"}],"predecessor-version":[{"id":2499,"href":"https:\/\/singletrackglacensis.eu\/en\/wp-json\/wp\/v2\/pages\/2348\/revisions\/2499"}],"wp:featuredmedia":[{"embeddable":true,"href":"https:\/\/singletrackglacensis.eu\/en\/wp-json\/wp\/v2\/media\/808"}],"wp:attachment":[{"href":"https:\/\/singletrackglacensis.eu\/en\/wp-json\/wp\/v2\/media?parent=2348"}],"curies":[{"name":"wp","href":"https:\/\/api.w.org\/{rel}","templated":true}]}}