{"id":2346,"date":"2020-08-27T08:58:07","date_gmt":"2020-08-27T06:58:07","guid":{"rendered":"https:\/\/singletrackglacensis.eu\/?page_id=2346"},"modified":"2022-05-27T10:24:34","modified_gmt":"2022-05-27T08:24:34","slug":"contact","status":"publish","type":"page","link":"https:\/\/singletrackglacensis.eu\/en\/contact\/","title":{"rendered":"Contact"},"content":{"rendered":"<p><strong>Bystrzyca K\u0142odzka<br \/>\nCentrum Informacji Turystycznej<\/strong><br \/>\nPlac Wolno\u015bci 17, 57-500 Bystrzyca K\u0142odzka<\/p>\n<p>e-mail:<br \/>\nturystyka@bystrzycaklodzka.pl<br \/>\nit@bystrzycaklodzka.pl<br \/>\ntel.:<br \/>\n(+48) 74 811 76 76<br \/>\n(+48) 74 811 76 77<\/p>\n<p>www: <a href=\"http:\/\/turystyka.bystrzycaklodzka.pl\/\">turystyka.bystrzycaklodzka.pl<\/a><\/p>\n<div>Entrance <span class=\"tlid-translation translation\" lang=\"en\"><span title=\"\">for people with disabilities to the Tourist Information Center in Bystrzyca K\u0142odzka, Ma\u0142y Rynek.<\/span><\/span><\/div>\n<div><span class=\"tlid-translation translation\" lang=\"en\"><span title=\"\">Main entrance to the Tourist Information Center in Bystrzyca K\u0142odzka, Plac Wolno\u015bci 17.<\/span><\/span><\/div>\n<p><img loading=\"lazy\" decoding=\"async\" class=\"alignnone size-large wp-image-2922\" src=\"https:\/\/singletrackglacensis.eu\/wp-content\/uploads\/2020\/11\/wejscie-do-IT-Bystrzyca-1024x683.jpg\" alt=\"Wej\u015bcie dla os\u00f3b z niepe\u0142nosprawno\u015bci\u0105 do Centrum Informacji Turystycznej w Bystrzycy K\u0142odzkiej, Ma\u0142y Rynek G\u0142\u00f3wne wej\u015bcie do Centrum Informacji Turystycznej w Bystrzycy K\u0142odzkiej, Plac Wolno\u015bci 17\" width=\"640\" height=\"427\" srcset=\"https:\/\/singletrackglacensis.eu\/wp-content\/uploads\/2020\/11\/wejscie-do-IT-Bystrzyca-1024x683.jpg 1024w, https:\/\/singletrackglacensis.eu\/wp-content\/uploads\/2020\/11\/wejscie-do-IT-Bystrzyca-450x300.jpg 450w, https:\/\/singletrackglacensis.eu\/wp-content\/uploads\/2020\/11\/wejscie-do-IT-Bystrzyca-150x100.jpg 150w, https:\/\/singletrackglacensis.eu\/wp-content\/uploads\/2020\/11\/wejscie-do-IT-Bystrzyca-768x512.jpg 768w, https:\/\/singletrackglacensis.eu\/wp-content\/uploads\/2020\/11\/wejscie-do-IT-Bystrzyca-1536x1024.jpg 1536w, https:\/\/singletrackglacensis.eu\/wp-content\/uploads\/2020\/11\/wejscie-do-IT-Bystrzyca-2048x1365.jpg 2048w\" sizes=\"auto, (max-width: 640px) 100vw, 640px\" \/><\/p>\n<p>&nbsp;<\/p>\n<p><strong>\u010cesk\u00e1 T\u0159ebov\u00e1<\/strong><br \/>\n<strong>Bike resort Peklak<\/strong><br \/>\nPod Jelenic\u00ed 653<br \/>\n\u010cesk\u00e1 T\u0159ebov\u00e1, Czechy<\/p>\n<p>e-mail: info@peklak.cz<br \/>\ntel.: +420 731 125 800<\/p>\n<p>www: <a href=\"http:\/\/www.peklak.cz\">www.peklak.cz<\/a><\/p>\n<p>&nbsp;<\/p>\n<p><strong>Zdobnice<\/strong><br \/>\n<strong>Zdobnice 1<\/strong><br \/>\nVelk\u00e1 Zdobnice<br \/>\ntel. +420 604 764 734<\/p>\n","protected":false},"excerpt":{"rendered":"<p>Bystrzyca K\u0142odzka Centrum Informacji Turystycznej Plac Wolno\u015bci 17, 57-500 Bystrzyca K\u0142odzka e-mail: turystyka@bystrzycaklodzka.pl it@bystrzycaklodzka.pl tel.: (+48) 74 811 76 76 (+48) 74 811 76 77 www: turystyka.bystrzycaklodzka.pl Entrance for people with disabilities to the Tourist Information Center in Bystrzyca K\u0142odzka, Ma\u0142y Rynek. Main entrance to the Tourist Information Center in Bystrzyca K\u0142odzka, Plac Wolno\u015bci 17.<\/p>\n","protected":false},"author":1,"featured_media":2497,"parent":0,"menu_order":0,"comment_status":"closed","ping_status":"closed","template":"","meta":{"footnotes":""},"class_list":["post-2346","page","type-page","status-publish","has-post-thumbnail","hentry"],"yoast_head":"<!-- This site is optimized with the Yoast SEO plugin v26.8 - https:\/\/yoast.com\/product\/yoast-seo-wordpress\/ -->\n<title>Contact | Singletrack Glacensis<\/title>\n<meta name=\"robots\" content=\"index, follow, max-snippet:-1, max-image-preview:large, max-video-preview:-1\" \/>\n<link rel=\"canonical\" href=\"https:\/\/singletrackglacensis.eu\/en\/contact\/\" \/>\n<meta property=\"og:locale\" content=\"en_US\" \/>\n<meta property=\"og:type\" content=\"article\" \/>\n<meta property=\"og:title\" content=\"Contact | Singletrack Glacensis\" \/>\n<meta property=\"og:description\" content=\"Bystrzyca K\u0142odzka Centrum Informacji Turystycznej Plac Wolno\u015bci 17, 57-500 Bystrzyca K\u0142odzka e-mail: turystyka@bystrzycaklodzka.pl it@bystrzycaklodzka.pl tel.: (+48) 74 811 76 76 (+48) 74 811 76 77 www: turystyka.bystrzycaklodzka.pl Entrance for people with disabilities to the Tourist Information Center in Bystrzyca K\u0142odzka, Ma\u0142y Rynek. Main entrance to the Tourist Information Center in Bystrzyca K\u0142odzka, Plac Wolno\u015bci 17.\" \/>\n<meta property=\"og:url\" content=\"https:\/\/singletrackglacensis.eu\/en\/contact\/\" \/>\n<meta property=\"og:site_name\" content=\"Singletrack Glacensis\" \/>\n<meta property=\"article:modified_time\" content=\"2022-05-27T08:24:34+00:00\" \/>\n<meta property=\"og:image\" content=\"https:\/\/singletrackglacensis.eu\/wp-content\/uploads\/2020\/09\/49wydz.turystyki7.jpeg\" \/>\n\t<meta property=\"og:image:width\" content=\"1000\" \/>\n\t<meta property=\"og:image:height\" content=\"667\" \/>\n\t<meta property=\"og:image:type\" content=\"image\/jpeg\" \/>\n<meta name=\"twitter:card\" content=\"summary_large_image\" \/>\n<script type=\"application\/ld+json\" class=\"yoast-schema-graph\">{\"@context\":\"https:\/\/schema.org\",\"@graph\":[{\"@type\":\"WebPage\",\"@id\":\"https:\/\/singletrackglacensis.eu\/en\/contact\/\",\"url\":\"https:\/\/singletrackglacensis.eu\/en\/contact\/\",\"name\":\"Contact | Singletrack Glacensis\",\"isPartOf\":{\"@id\":\"https:\/\/www.singletrackglacensis.eu\/en\/#website\"},\"primaryImageOfPage\":{\"@id\":\"https:\/\/singletrackglacensis.eu\/en\/contact\/#primaryimage\"},\"image\":{\"@id\":\"https:\/\/singletrackglacensis.eu\/en\/contact\/#primaryimage\"},\"thumbnailUrl\":\"https:\/\/singletrackglacensis.eu\/wp-content\/uploads\/2020\/09\/49wydz.turystyki7.jpeg\",\"datePublished\":\"2020-08-27T06:58:07+00:00\",\"dateModified\":\"2022-05-27T08:24:34+00:00\",\"breadcrumb\":{\"@id\":\"https:\/\/singletrackglacensis.eu\/en\/contact\/#breadcrumb\"},\"inLanguage\":\"en-US\",\"potentialAction\":[{\"@type\":\"ReadAction\",\"target\":[\"https:\/\/singletrackglacensis.eu\/en\/contact\/\"]}]},{\"@type\":\"ImageObject\",\"inLanguage\":\"en-US\",\"@id\":\"https:\/\/singletrackglacensis.eu\/en\/contact\/#primaryimage\",\"url\":\"https:\/\/singletrackglacensis.eu\/wp-content\/uploads\/2020\/09\/49wydz.turystyki7.jpeg\",\"contentUrl\":\"https:\/\/singletrackglacensis.eu\/wp-content\/uploads\/2020\/09\/49wydz.turystyki7.jpeg\",\"width\":1000,\"height\":667},{\"@type\":\"BreadcrumbList\",\"@id\":\"https:\/\/singletrackglacensis.eu\/en\/contact\/#breadcrumb\",\"itemListElement\":[{\"@type\":\"ListItem\",\"position\":1,\"name\":\"Home\",\"item\":\"https:\/\/www.singletrackglacensis.eu\/en\/\"},{\"@type\":\"ListItem\",\"position\":2,\"name\":\"Contact\"}]},{\"@type\":\"WebSite\",\"@id\":\"https:\/\/www.singletrackglacensis.eu\/en\/#website\",\"url\":\"https:\/\/www.singletrackglacensis.eu\/en\/\",\"name\":\"Singletrack Glacensis\",\"description\":\"\",\"publisher\":{\"@id\":\"https:\/\/www.singletrackglacensis.eu\/en\/#organization\"},\"potentialAction\":[{\"@type\":\"SearchAction\",\"target\":{\"@type\":\"EntryPoint\",\"urlTemplate\":\"https:\/\/www.singletrackglacensis.eu\/en\/?s={search_term_string}\"},\"query-input\":{\"@type\":\"PropertyValueSpecification\",\"valueRequired\":true,\"valueName\":\"search_term_string\"}}],\"inLanguage\":\"en-US\"},{\"@type\":\"Organization\",\"@id\":\"https:\/\/www.singletrackglacensis.eu\/en\/#organization\",\"name\":\"Singletrack Glacensis\",\"url\":\"https:\/\/www.singletrackglacensis.eu\/en\/\",\"logo\":{\"@type\":\"ImageObject\",\"inLanguage\":\"en-US\",\"@id\":\"https:\/\/www.singletrackglacensis.eu\/en\/#\/schema\/logo\/image\/\",\"url\":\"https:\/\/singletrackglacensis.eu\/wp-content\/uploads\/2020\/06\/st-logo.jpg\",\"contentUrl\":\"https:\/\/singletrackglacensis.eu\/wp-content\/uploads\/2020\/06\/st-logo.jpg\",\"width\":170,\"height\":70,\"caption\":\"Singletrack Glacensis\"},\"image\":{\"@id\":\"https:\/\/www.singletrackglacensis.eu\/en\/#\/schema\/logo\/image\/\"}}]}<\/script>\n<!-- \/ Yoast SEO plugin. -->","yoast_head_json":{"title":"Contact | Singletrack Glacensis","robots":{"index":"index","follow":"follow","max-snippet":"max-snippet:-1","max-image-preview":"max-image-preview:large","max-video-preview":"max-video-preview:-1"},"canonical":"https:\/\/singletrackglacensis.eu\/en\/contact\/","og_locale":"en_US","og_type":"article","og_title":"Contact | Singletrack Glacensis","og_description":"Bystrzyca K\u0142odzka Centrum Informacji Turystycznej Plac Wolno\u015bci 17, 57-500 Bystrzyca K\u0142odzka e-mail: turystyka@bystrzycaklodzka.pl it@bystrzycaklodzka.pl tel.: (+48) 74 811 76 76 (+48) 74 811 76 77 www: turystyka.bystrzycaklodzka.pl Entrance for people with disabilities to the Tourist Information Center in Bystrzyca K\u0142odzka, Ma\u0142y Rynek. Main entrance to the Tourist Information Center in Bystrzyca K\u0142odzka, Plac Wolno\u015bci 17.","og_url":"https:\/\/singletrackglacensis.eu\/en\/contact\/","og_site_name":"Singletrack Glacensis","article_modified_time":"2022-05-27T08:24:34+00:00","og_image":[{"width":1000,"height":667,"url":"https:\/\/singletrackglacensis.eu\/wp-content\/uploads\/2020\/09\/49wydz.turystyki7.jpeg","type":"image\/jpeg"}],"twitter_card":"summary_large_image","schema":{"@context":"https:\/\/schema.org","@graph":[{"@type":"WebPage","@id":"https:\/\/singletrackglacensis.eu\/en\/contact\/","url":"https:\/\/singletrackglacensis.eu\/en\/contact\/","name":"Contact | Singletrack Glacensis","isPartOf":{"@id":"https:\/\/www.singletrackglacensis.eu\/en\/#website"},"primaryImageOfPage":{"@id":"https:\/\/singletrackglacensis.eu\/en\/contact\/#primaryimage"},"image":{"@id":"https:\/\/singletrackglacensis.eu\/en\/contact\/#primaryimage"},"thumbnailUrl":"https:\/\/singletrackglacensis.eu\/wp-content\/uploads\/2020\/09\/49wydz.turystyki7.jpeg","datePublished":"2020-08-27T06:58:07+00:00","dateModified":"2022-05-27T08:24:34+00:00","breadcrumb":{"@id":"https:\/\/singletrackglacensis.eu\/en\/contact\/#breadcrumb"},"inLanguage":"en-US","potentialAction":[{"@type":"ReadAction","target":["https:\/\/singletrackglacensis.eu\/en\/contact\/"]}]},{"@type":"ImageObject","inLanguage":"en-US","@id":"https:\/\/singletrackglacensis.eu\/en\/contact\/#primaryimage","url":"https:\/\/singletrackglacensis.eu\/wp-content\/uploads\/2020\/09\/49wydz.turystyki7.jpeg","contentUrl":"https:\/\/singletrackglacensis.eu\/wp-content\/uploads\/2020\/09\/49wydz.turystyki7.jpeg","width":1000,"height":667},{"@type":"BreadcrumbList","@id":"https:\/\/singletrackglacensis.eu\/en\/contact\/#breadcrumb","itemListElement":[{"@type":"ListItem","position":1,"name":"Home","item":"https:\/\/www.singletrackglacensis.eu\/en\/"},{"@type":"ListItem","position":2,"name":"Contact"}]},{"@type":"WebSite","@id":"https:\/\/www.singletrackglacensis.eu\/en\/#website","url":"https:\/\/www.singletrackglacensis.eu\/en\/","name":"Singletrack Glacensis","description":"","publisher":{"@id":"https:\/\/www.singletrackglacensis.eu\/en\/#organization"},"potentialAction":[{"@type":"SearchAction","target":{"@type":"EntryPoint","urlTemplate":"https:\/\/www.singletrackglacensis.eu\/en\/?s={search_term_string}"},"query-input":{"@type":"PropertyValueSpecification","valueRequired":true,"valueName":"search_term_string"}}],"inLanguage":"en-US"},{"@type":"Organization","@id":"https:\/\/www.singletrackglacensis.eu\/en\/#organization","name":"Singletrack Glacensis","url":"https:\/\/www.singletrackglacensis.eu\/en\/","logo":{"@type":"ImageObject","inLanguage":"en-US","@id":"https:\/\/www.singletrackglacensis.eu\/en\/#\/schema\/logo\/image\/","url":"https:\/\/singletrackglacensis.eu\/wp-content\/uploads\/2020\/06\/st-logo.jpg","contentUrl":"https:\/\/singletrackglacensis.eu\/wp-content\/uploads\/2020\/06\/st-logo.jpg","width":170,"height":70,"caption":"Singletrack Glacensis"},"image":{"@id":"https:\/\/www.singletrackglacensis.eu\/en\/#\/schema\/logo\/image\/"}}]}},"_links":{"self":[{"href":"https:\/\/singletrackglacensis.eu\/en\/wp-json\/wp\/v2\/pages\/2346","targetHints":{"allow":["GET"]}}],"collection":[{"href":"https:\/\/singletrackglacensis.eu\/en\/wp-json\/wp\/v2\/pages"}],"about":[{"href":"https:\/\/singletrackglacensis.eu\/en\/wp-json\/wp\/v2\/types\/page"}],"author":[{"embeddable":true,"href":"https:\/\/singletrackglacensis.eu\/en\/wp-json\/wp\/v2\/users\/1"}],"replies":[{"embeddable":true,"href":"https:\/\/singletrackglacensis.eu\/en\/wp-json\/wp\/v2\/comments?post=2346"}],"version-history":[{"count":5,"href":"https:\/\/singletrackglacensis.eu\/en\/wp-json\/wp\/v2\/pages\/2346\/revisions"}],"predecessor-version":[{"id":3028,"href":"https:\/\/singletrackglacensis.eu\/en\/wp-json\/wp\/v2\/pages\/2346\/revisions\/3028"}],"wp:featuredmedia":[{"embeddable":true,"href":"https:\/\/singletrackglacensis.eu\/en\/wp-json\/wp\/v2\/media\/2497"}],"wp:attachment":[{"href":"https:\/\/singletrackglacensis.eu\/en\/wp-json\/wp\/v2\/media?parent=2346"}],"curies":[{"name":"wp","href":"https:\/\/api.w.org\/{rel}","templated":true}]}}